{"id":687,"date":"2025-12-01T17:47:13","date_gmt":"2025-12-01T16:47:13","guid":{"rendered":"https:\/\/www.unitelmasapienza.it\/unesco\/?page_id=687"},"modified":"2025-12-02T14:28:09","modified_gmt":"2025-12-02T13:28:09","slug":"research-and-publications","status":"publish","type":"page","link":"https:\/\/www.unitelmasapienza.it\/unesco\/research-and-publications\/","title":{"rendered":"Research and Publications"},"content":{"rendered":"<p>[et_pb_section fb_built=&#8221;1&#8243; custom_padding_last_edited=&#8221;on|phone&#8221; module_class=&#8221;fascia_menu&#8221; _builder_version=&#8221;4.16&#8243; _module_preset=&#8221;default&#8221; background_image=&#8221;https:\/\/www.unitelmasapienza.it\/unesco\/wp-content\/uploads\/2025\/12\/img-studenti.jpg&#8221; custom_margin=&#8221;0px||||false|false&#8221; custom_padding=&#8221;0px||0px||false|false&#8221; custom_padding_tablet=&#8221;&#8221; custom_padding_phone=&#8221;||0px||false|false&#8221; da_disable_devices=&#8221;off|off|off&#8221; border_radii=&#8221;off|||30px|30px&#8221; saved_tabs=&#8221;all&#8221; global_colors_info=&#8221;{}&#8221; da_is_popup=&#8221;off&#8221; da_exit_intent=&#8221;off&#8221; da_has_close=&#8221;on&#8221; da_alt_close=&#8221;off&#8221; da_dark_close=&#8221;off&#8221; da_not_modal=&#8221;on&#8221; da_is_singular=&#8221;off&#8221; da_with_loader=&#8221;off&#8221; da_has_shadow=&#8221;on&#8221;][et_pb_row column_structure=&#8221;1_3,1_3,1_3&#8243; use_custom_gutter=&#8221;on&#8221; gutter_width=&#8221;2&#8243; custom_padding_last_edited=&#8221;on|phone&#8221; module_class=&#8221;menu_orizzontale&#8221; _builder_version=&#8221;4.27.4&#8243; _module_preset=&#8221;default&#8221; max_width=&#8221;80%&#8221; custom_margin=&#8221;0px||||false|false&#8221; custom_padding=&#8221;0px||||false|false&#8221; custom_padding_tablet=&#8221;0px||||false|false&#8221; custom_padding_phone=&#8221;||0px||false|false&#8221; global_colors_info=&#8221;{}&#8221;][et_pb_column type=&#8221;1_3&#8243; _builder_version=&#8221;4.16&#8243; _module_preset=&#8221;default&#8221; global_colors_info=&#8221;{}&#8221;][et_pb_image src=&#8221;https:\/\/www.unitelmasapienza.it\/unesco\/wp-content\/uploads\/2025\/12\/logo-unitelma-unesco.png&#8221; alt=&#8221;logo_W_en&#8221; title_text=&#8221;logo-unitelma-unesco&#8221; url=&#8221;https:\/\/www.unitelmasapienza.it\/en\/&#8221; _builder_version=&#8221;4.27.4&#8243; _module_preset=&#8221;default&#8221; width=&#8221;66%&#8221; global_colors_info=&#8221;{}&#8221;][\/et_pb_image][\/et_pb_column][et_pb_column type=&#8221;1_3&#8243; _builder_version=&#8221;4.16&#8243; _module_preset=&#8221;default&#8221; global_colors_info=&#8221;{}&#8221;][lwp_divi_breadcrumbs font_icon=&#8221;&#x35;||divi||400&#8243; use_before_icon=&#8221;off&#8221; link_color=&#8221;#FFFFFF&#8221; separator_color=&#8221;#FFFFFF&#8221; current_text_color=&#8221;#FFFFFF&#8221; disabled_on=&#8221;on|on|off&#8221; _builder_version=&#8221;4.17.6&#8243; _module_preset=&#8221;default&#8221; module_font=&#8221;|700|||||||&#8221; custom_padding=&#8221;40px||||false|false&#8221; custom_padding_tablet=&#8221;40px||||false|false&#8221; custom_padding_phone=&#8221;0px||||false|false&#8221; custom_padding_last_edited=&#8221;on|desktop&#8221; global_colors_info=&#8221;{}&#8221;][\/lwp_divi_breadcrumbs][\/et_pb_column][et_pb_column type=&#8221;1_3&#8243; disabled_on=&#8221;on|on|off&#8221; _builder_version=&#8221;4.16&#8243; _module_preset=&#8221;default&#8221; global_colors_info=&#8221;{}&#8221;][et_pb_menu menu_id=&#8221;4&#8243; menu_style=&#8221;centered&#8221; active_link_color=&#8221;#000000&#8243; show_search_icon=&#8221;on&#8221; search_icon_color=&#8221;#FFFFFF&#8221; _builder_version=&#8221;4.27.4&#8243; _module_preset=&#8221;default&#8221; menu_font=&#8221;|700|||||||&#8221; menu_text_color=&#8221;#000000&#8243; menu_font_size=&#8221;18px&#8221; background_enable_color=&#8221;off&#8221; custom_margin=&#8221;30px||||false|false&#8221; custom_padding=&#8221;||23px||false|false&#8221; global_colors_info=&#8221;{}&#8221;][\/et_pb_menu][\/et_pb_column][\/et_pb_row][\/et_pb_section][et_pb_section fb_built=&#8221;1&#8243; custom_padding_last_edited=&#8221;on|desktop&#8221; _builder_version=&#8221;4.27.4&#8243; _module_preset=&#8221;default&#8221; custom_margin=&#8221;||||false|false&#8221; custom_padding=&#8221;100px||||false|false&#8221; custom_padding_tablet=&#8221;200px||||false|false&#8221; custom_padding_phone=&#8221;130px||||false|false&#8221; da_disable_devices=&#8221;off|off|off&#8221; global_colors_info=&#8221;{}&#8221; da_is_popup=&#8221;off&#8221; da_exit_intent=&#8221;off&#8221; da_has_close=&#8221;on&#8221; da_alt_close=&#8221;off&#8221; da_dark_close=&#8221;off&#8221; da_not_modal=&#8221;on&#8221; da_is_singular=&#8221;off&#8221; da_with_loader=&#8221;off&#8221; da_has_shadow=&#8221;on&#8221;][et_pb_row custom_padding_last_edited=&#8221;on|desktop&#8221; _builder_version=&#8221;4.17.6&#8243; _module_preset=&#8221;default&#8221; max_width=&#8221;80%&#8221; max_width_tablet=&#8221;&#8221; max_width_phone=&#8221;90%&#8221; max_width_last_edited=&#8221;on|desktop&#8221; custom_padding=&#8221;0px||0px||false|false&#8221; custom_padding_tablet=&#8221;0px||50px||false|false&#8221; custom_padding_phone=&#8221;||0px||false|false&#8221; locked=&#8221;off&#8221; global_colors_info=&#8221;{}&#8221;][et_pb_column type=&#8221;4_4&#8243; _builder_version=&#8221;4.16&#8243; _module_preset=&#8221;default&#8221; global_colors_info=&#8221;{}&#8221;][et_pb_blurb title=&#8221;Home&#8221; image=&#8221;https:\/\/www.unitelmasapienza.it\/unesco\/wp-content\/uploads\/2025\/12\/back_rossa_scura.jpg&#8221; alt=&#8221;back_rossa_scura&#8221; icon_placement=&#8221;left&#8221; content_max_width=&#8221;500px&#8221; _builder_version=&#8221;4.27.4&#8243; _dynamic_attributes=&#8221;link_option_url&#8221; _module_preset=&#8221;default&#8221; header_font=&#8221;|700|||||||&#8221; header_text_color=&#8221;#670425&#8243; header_font_size=&#8221;19px&#8221; header_line_height=&#8221;1.6em&#8221; width=&#8221;500px&#8221; module_alignment=&#8221;left&#8221; link_option_url=&#8221;@ET-DC@eyJkeW5hbWljIjp0cnVlLCJjb250ZW50IjoiaG9tZV91cmwiLCJzZXR0aW5ncyI6e319@&#8221; global_colors_info=&#8221;{}&#8221;][\/et_pb_blurb][\/et_pb_column][\/et_pb_row][et_pb_row _builder_version=&#8221;4.27.4&#8243; _module_preset=&#8221;default&#8221; max_width=&#8221;80%&#8221; max_width_tablet=&#8221;&#8221; max_width_phone=&#8221;90%&#8221; max_width_last_edited=&#8221;on|desktop&#8221; custom_padding=&#8221;30px||30px||true|false&#8221; locked=&#8221;off&#8221; global_colors_info=&#8221;{}&#8221;][et_pb_column type=&#8221;4_4&#8243; _builder_version=&#8221;4.16&#8243; _module_preset=&#8221;default&#8221; global_colors_info=&#8221;{}&#8221;][et_pb_text _builder_version=&#8221;4.27.4&#8243; _module_preset=&#8221;default&#8221; header_3_font=&#8221;|700|||||||&#8221; header_3_text_color=&#8221;#6b0823&#8243; header_3_font_size=&#8221;30px&#8221; header_3_line_height=&#8221;1.2em&#8221; custom_margin=&#8221;||7px|||&#8221; custom_padding=&#8221;||||false|false&#8221; locked=&#8221;off&#8221; global_colors_info=&#8221;{}&#8221;]<\/p>\n<h3>Research and Publications<\/h3>\n<p>[\/et_pb_text][\/et_pb_column][\/et_pb_row][et_pb_row _builder_version=&#8221;4.16&#8243; _module_preset=&#8221;default&#8221; max_width=&#8221;80%&#8221; max_width_tablet=&#8221;&#8221; max_width_phone=&#8221;90%&#8221; max_width_last_edited=&#8221;on|desktop&#8221; custom_padding=&#8221;0px||1px|||&#8221; locked=&#8221;off&#8221; global_colors_info=&#8221;{}&#8221;][et_pb_column type=&#8221;4_4&#8243; _builder_version=&#8221;4.16&#8243; _module_preset=&#8221;default&#8221; global_colors_info=&#8221;{}&#8221;][et_pb_text _builder_version=&#8221;4.27.4&#8243; _module_preset=&#8221;default&#8221; text_font=&#8221;|300|||||||&#8221; text_text_color=&#8221;#000000&#8243; header_3_font=&#8221;|600|||||||&#8221; header_3_text_color=&#8221;#670425&#8243; custom_margin=&#8221;||28px|||&#8221; custom_padding=&#8221;||0px|||&#8221; global_colors_info=&#8221;{}&#8221;]Below are the publications relating to the topic of the UNESCO Chair prepared by the holder of the chair, the members of the scientific committee and the research group:<\/p>\n<ul>\n<li>PETRILLO, Pier Luigi. \u2018Intangible cultural heritage, national identity and fundamental human rights: the role of the 2003 UNESCO Convention in a comparative perspective\u2019, Bulgarian Folklore, v. 2, 2023.<\/li>\n<li>PETRILLO, Pier Luigi. \u2018La tutela giuridica del patrimonio culturale immateriale a vent\u2019anni dell\u2019adozione della Convenzione UNESCO del 2003: profili di diritto comparato\u2019. DPCE Online, v. 59, n. 2, 2023<\/li>\n<li>BURCKHART, Thiago. \u2018Intangible heritage law and epistemic (in)justice: the participation of communities, groups and individuals in safeguarding ICH\u2019. CALUMET \u2013 Intercultural Law and Humanities Review, v. 17, p. 86-103, 2023<\/li>\n<li>T.R. BURCKHART, Environmental Constitutionalism in the Amazon: a comparison focusing Intangible Cultural Heritage protection, DPCE Online (rivista di Fascia A), v. 58, p. 625-640, 2023.<\/li>\n<li>T.R. BURCKHART, Patrimonio culturale immateriale, interculturalit\u00e0 e popoli indigeni: uno studio comparato tra Brasile e Colombia, in: V. Carlino e G. Milani. (A cura di), Rule of law, culture e territori, Roma, Consulta Online Editrice, 2023, p. 19-26.<\/li>\n<li>P.L. PETRILLO, The legal protection of intangible cultural heritage. A comparative perspective, Springer, 2019, pp.187-227.<\/li>\n<li>C. HONORATI, La tutela del patrimonio culturale immateriale nel Regno Hascemita di Giordania e in Libano, in corso di pubblicazione in DPCE (rivista di Fascia A), 3. 2022.<\/li>\n<li>C.A. D\u2019ALESSANDRO, La tutela giuridica del patrimonio culturale immateriale. Uno studio di diritto comparato, Cedam, 2021 (collana diretta dal prof. Giuseppe De Vergottini).<\/li>\n<li>C. A. D\u2019ALESSANDRO, Legal Reflections on the Defence and Promotion of Cultural Heritage at a Time of Globalisation, Atti dell\u2019American-Italian Dialogue, University of California at Berkeley Law School Press, 2021.<\/li>\n<li>P.L. PETRILLO, La tutela giuridica del patrimonio culturale immateriale: spunti comparati, in E. Catani, G. Contaldi, F. Marongiu Buonaiuti (a cura di), La politica dell\u2019Unione europea per la tutela e la promozione dei beni culturali, Eum, 2020.<\/li>\n<li>P.L. PETRILLO, T. SCOVAZZI, B. UBERTAZZI, The legal protection of intangible cultural heritage in Italy, in P.L. Petrillo, The legal protection of intangible cultural heritage. A comparative perspective, Springer, 2019, pp.187-227.<\/li>\n<li>P.L. PETRILLO, Intangible Cultural Heritage and Comparative Law. Towards a Global Legal Protection of the Intangible Cultural Heritage, in P.L. Petrillo, The legal protection of intangible cultural heritage. A comparative perspective, Springer, 2019, pp.231-263.<\/li>\n<li>P.L. PETRILLO, The legal protection of intangible cultural heritage in Italy, in F. H. Cunha Fihlo, T. Scovazzi (organizadores), Salvaguardia do patrim\u00f4nio cultural imaterial. Uma an\u00e1lise comparativa entre Brasil e It\u00e1lia, Universidade Federal da Bahia, 2020.<\/li>\n<li>C.A. D\u2019ALESSANDRO, Riflessioni giuridiche su difesa e valorizzazione del patrimonio culturale al tempo della globalizzazione, in Munus, 3\/2019.<\/li>\n<li>C. A. D\u2019ALESSANDRO, La tutela giuridica del patrimonio culturale immateriale in Francia. Spunti ricostruttivi, in Federalismi.it, 3 December 2019.<\/li>\n<li>E. MORO, M. NIOLA, I luoghi della dieta mediterranea, Milano, RCS Me- dia Group, 2019.<\/li>\n<li>E. MORO, (in Press), Athena, Jesus Christ and the Traffic light: The History and Anthropology of Knowledge about Olive Oil, in S. De Iulio and S. Kovacs, (editors), Food Information, Communication and Education: Eating Knowledge, London, Bloomsbury Editions, 2019.<\/li>\n<\/ul>\n<p>[\/et_pb_text][\/et_pb_column][\/et_pb_row][\/et_pb_section][et_pb_section fb_built=&#8221;1&#8243; admin_label=&#8221;Section&#8221; _builder_version=&#8221;4.17.4&#8243; _module_preset=&#8221;default&#8221; background_color=&#8221;#690624&#8243; da_disable_devices=&#8221;off|off|off&#8221; saved_tabs=&#8221;all&#8221; global_colors_info=&#8221;{}&#8221; da_is_popup=&#8221;off&#8221; da_exit_intent=&#8221;off&#8221; da_has_close=&#8221;on&#8221; da_alt_close=&#8221;off&#8221; da_dark_close=&#8221;off&#8221; da_not_modal=&#8221;on&#8221; da_is_singular=&#8221;off&#8221; da_with_loader=&#8221;off&#8221; da_has_shadow=&#8221;on&#8221;][et_pb_row _builder_version=&#8221;4.16&#8243; _module_preset=&#8221;default&#8221; max_width=&#8221;80%&#8221; max_width_tablet=&#8221;&#8221; max_width_phone=&#8221;90%&#8221; max_width_last_edited=&#8221;on|phone&#8221; global_colors_info=&#8221;{}&#8221;][et_pb_column type=&#8221;4_4&#8243; _builder_version=&#8221;4.16&#8243; _module_preset=&#8221;default&#8221; global_colors_info=&#8221;{}&#8221;][et_pb_text _builder_version=&#8221;4.17.4&#8243; _module_preset=&#8221;default&#8221; header_3_font=&#8221;|300|||||||&#8221; header_3_text_color=&#8221;#FFFFFF&#8221; header_3_font_size=&#8221;30px&#8221; custom_margin=&#8221;||-1px|||&#8221; header_3_font_size_tablet=&#8221;&#8221; header_3_font_size_phone=&#8221;20px&#8221; header_3_font_size_last_edited=&#8221;on|phone&#8221; global_colors_info=&#8221;{}&#8221;]<\/p>\n<h3><strong>UnitelmaSapienza.<\/strong> A centenary history at the service of your future.<\/h3>\n<p>[\/et_pb_text][\/et_pb_column][\/et_pb_row][et_pb_row column_structure=&#8221;1_2,1_2&#8243; admin_label=&#8221;Riga&#8221; _builder_version=&#8221;4.17.4&#8243; _module_preset=&#8221;default&#8221; max_width=&#8221;80%&#8221; max_width_tablet=&#8221;&#8221; max_width_phone=&#8221;90%&#8221; max_width_last_edited=&#8221;on|phone&#8221; global_colors_info=&#8221;{}&#8221;][et_pb_column type=&#8221;1_2&#8243; disabled_on=&#8221;off|off|off&#8221; _builder_version=&#8221;4.16&#8243; _module_preset=&#8221;default&#8221; global_colors_info=&#8221;{}&#8221;][et_pb_video src=&#8221;https:\/\/vimeo.com\/742685343&#8243; image_src=&#8221;https:\/\/www.unitelmasapienza.it\/unesco\/wp-content\/uploads\/2025\/12\/studia_online_cover_video.png&#8221; _builder_version=&#8221;4.17.6&#8243; _module_preset=&#8221;default&#8221; border_radii=&#8221;on|20px|20px|20px|20px&#8221; global_colors_info=&#8221;{}&#8221;][\/et_pb_video][et_pb_code _builder_version=&#8221;4.27.4&#8243; _module_preset=&#8221;default&#8221; global_colors_info=&#8221;{}&#8221;]<\/p>\n<style type=\"text\/css\"><!-- [et_pb_line_break_holder] -->@media (max-width: 479px){<!-- [et_pb_line_break_holder] -->  .fascia_menu {position:absolute !important;}<!-- [et_pb_line_break_holder] -->}<!-- [et_pb_line_break_holder] --><!-- [et_pb_line_break_holder] -->  .et_pb_menu_0.et_pb_menu ul li.menu-item-11720 a {background:#fff; padding:0 20px !important; border-radius:20px; color:#000 !important; height:32px !important; margin-top:0; line-height:1.7 !important;}<!-- [et_pb_line_break_holder] --><!-- [et_pb_line_break_holder] --><\/style>\n<p>[\/et_pb_code][\/et_pb_column][et_pb_column type=&#8221;1_2&#8243; _builder_version=&#8221;4.17.4&#8243; _module_preset=&#8221;default&#8221; global_colors_info=&#8221;{}&#8221;][et_pb_text _builder_version=&#8221;4.17.6&#8243; _module_preset=&#8221;default&#8221; text_font=&#8221;|600|||||||&#8221; text_text_color=&#8221;#FFFFFF&#8221; min_height=&#8221;80px&#8221; min_height_last_edited=&#8221;off|desktop&#8221; custom_margin=&#8221;||10%||false|false&#8221; global_colors_info=&#8221;{}&#8221;]<\/p>\n<div class=\"third_box marg_bott_30\">Contact Us<br \/><a href=\"mailto:info@unitelmasapienza.it\" target=\"_blank\" rel=\"noopener\"><img decoding=\"async\" src=\"https:\/\/www.unitelmasapienza.it\/unesco\/wp-content\/uploads\/2025\/12\/icona-mail.png\" class=\"soc_icon\" \/><\/a><a href=\"tel:0620293732\" target=\"_blank\" rel=\"noopener\"><img decoding=\"async\" src=\"https:\/\/www.unitelmasapienza.it\/unesco\/wp-content\/uploads\/2025\/12\/icona-telefono.png\" class=\"soc_icon\" \/><\/a><\/div>\n<div class=\"third_box marg_bott_30\">UnitelmaSocial<br \/><a href=\"http:\/\/www.facebook.com\/Unitelma\/\" target=\"_blank\" rel=\"noopener\"><img decoding=\"async\" src=\"https:\/\/www.unitelmasapienza.it\/unesco\/wp-content\/uploads\/2025\/12\/icona-fb.png\" class=\"soc_icon\" \/><\/a><a href=\"http:\/\/it.linkedin.com\/company\/unitelma-sapienza\" target=\"_blank\" rel=\"noopener\"><img decoding=\"async\" src=\"https:\/\/www.unitelmasapienza.it\/unesco\/wp-content\/uploads\/2025\/12\/icona-linkedin.png\" class=\"soc_icon\" \/><\/a><a href=\"http:\/\/twitter.com\/UnitelmaTweet\" target=\"_blank\" rel=\"noopener\"><img decoding=\"async\" src=\"https:\/\/www.unitelmasapienza.it\/unesco\/wp-content\/uploads\/2025\/12\/icona_twitter.png\" class=\"soc_icon\" \/><\/a><a href=\"http:\/\/www.instagram.com\/unitelmasapienza_ig\/?hl=it\" target=\"_blank\" rel=\"noopener\"><img decoding=\"async\" src=\"https:\/\/www.unitelmasapienza.it\/unesco\/wp-content\/uploads\/2025\/12\/icona-ig.png\" class=\"soc_icon\" \/><\/a><a href=\"https:\/\/www.youtube.com\/channel\/UCQJzmzXPQQrnr71NbYO1RVQ\" target=\"_blank\" rel=\"noopener\"><img decoding=\"async\" src=\"https:\/\/www.unitelmasapienza.it\/unesco\/wp-content\/uploads\/2025\/12\/icona-yt.png\" class=\"soc_icon\" \/><\/a><\/div>\n<div class=\"third_box marg_bott_30\">UnitelmaApp<br \/><a href=\"https:\/\/apps.apple.com\/it\/app\/myunitelma\/id1299620834\" target=\"_blank\" rel=\"noopener\"><img decoding=\"async\" src=\"https:\/\/www.unitelmasapienza.it\/unesco\/wp-content\/uploads\/2025\/12\/icona_app1.png\" class=\"soc_icon\" \/><\/a><a href=\"https:\/\/play.google.com\/store\/apps\/details?id=it.cineca.app.unitelma\" target=\"_blank\" rel=\"noopener\"><img decoding=\"async\" src=\"https:\/\/www.unitelmasapienza.it\/unesco\/wp-content\/uploads\/2025\/12\/icona-playstore.png\" class=\"soc_icon\" \/><\/a><\/div>\n<p>[\/et_pb_text][et_pb_text admin_label=&#8221;Testo&#8221; _builder_version=&#8221;4.17.6&#8243; _module_preset=&#8221;default&#8221; text_text_color=&#8221;#FFFFFF&#8221; global_colors_info=&#8221;{}&#8221;]<\/p>\n<p><strong>QUICK ACCESS<\/strong><br \/><span style=\"color: #ffffff;\"><a class=\"whitelink\" href=\"https:\/\/www.unitelmasapienza.it\/en\/contact-us\/\" style=\"color: #ffffff;\">Contact Us<\/a><\/span><br \/><span style=\"color: #ffffff;\"><a class=\"whitelink\" href=\"https:\/\/www.unitelmasapienza.it\/en\/enrolment\/\" style=\"color: #ffffff;\">Enrolment<\/a><\/span><br \/><span style=\"color: #ffffff;\"><a class=\"whitelink\" href=\"https:\/\/www.unitelmasapienza.it\/en\/international-relations\/\" style=\"color: #ffffff;\">International Relations<\/a><\/span><br \/><span style=\"color: #ffffff;\"><a class=\"whitelink\" href=\"https:\/\/www.unitelmasapienza.it\/en\/erasmus-en\/\" style=\"color: #ffffff;\">Erasmus+<\/a><\/span><br \/><span style=\"color: #ffffff;\"><a href=\"https:\/\/www.unitelmasapienza.it\/en\/privacy-policy\/\" title=\"Privacy Policy\" style=\"color: #ffffff;\">Privacy Policy<\/a><\/span><\/p>\n<p>[\/et_pb_text][\/et_pb_column][\/et_pb_row][\/et_pb_section]<\/p>\n","protected":false},"excerpt":{"rendered":"<p><div class=\"et_pb_module lwp_divi_breadcrumbs lwp_divi_breadcrumbs_0\">\n\t\t\t\t\n\t\t\t\t\n\t\t\t\t\n\t\t\t\t\n\t\t\t\t\n\t\t\t\t\n\t\t\t\t<div class=\"et_pb_module_inner\">\n\t\t\t\t\t<div class=\"lwp-breadcrumbs\"> <span class=\"before\"><\/span> <span vocab=\"https:\/\/schema.org\/\" typeof=\"BreadcrumbList\"><span property=\"itemListElement\" typeof=\"ListItem\"><a property=\"item\" typeof=\"WebPage\" href=\"https:\/\/www.unitelmasapienza.it\/unesco\/\" class=\"home\"><span property=\"name\">Home<\/span><\/a><meta property=\"position\" content=\"1\"><\/span> <span class=\"separator et-pb-icon\">&#x35;<\/span> <\/span><\/div>\n\t\t\t\t<\/div>\n\t\t\t<\/div>Research and PublicationsBelow are the publications relating to the topic of the UNESCO Chair prepared by the holder of the chair, the members of the scientific committee and the research group: PETRILLO, Pier Luigi. \u2018Intangible cultural heritage, national identity and fundamental [&hellip;]<\/p>\n","protected":false},"author":1,"featured_media":0,"parent":0,"menu_order":0,"comment_status":"closed","ping_status":"closed","template":"","meta":{"_et_pb_use_builder":"on","_et_pb_old_content":"","_et_gb_content_width":"","footnotes":""},"class_list":["post-687","page","type-page","status-publish","hentry"],"_links":{"self":[{"href":"https:\/\/www.unitelmasapienza.it\/unesco\/wp-json\/wp\/v2\/pages\/687","targetHints":{"allow":["GET"]}}],"collection":[{"href":"https:\/\/www.unitelmasapienza.it\/unesco\/wp-json\/wp\/v2\/pages"}],"about":[{"href":"https:\/\/www.unitelmasapienza.it\/unesco\/wp-json\/wp\/v2\/types\/page"}],"author":[{"embeddable":true,"href":"https:\/\/www.unitelmasapienza.it\/unesco\/wp-json\/wp\/v2\/users\/1"}],"replies":[{"embeddable":true,"href":"https:\/\/www.unitelmasapienza.it\/unesco\/wp-json\/wp\/v2\/comments?post=687"}],"version-history":[{"count":7,"href":"https:\/\/www.unitelmasapienza.it\/unesco\/wp-json\/wp\/v2\/pages\/687\/revisions"}],"predecessor-version":[{"id":831,"href":"https:\/\/www.unitelmasapienza.it\/unesco\/wp-json\/wp\/v2\/pages\/687\/revisions\/831"}],"wp:attachment":[{"href":"https:\/\/www.unitelmasapienza.it\/unesco\/wp-json\/wp\/v2\/media?parent=687"}],"curies":[{"name":"wp","href":"https:\/\/api.w.org\/{rel}","templated":true}]}}