{"id":254,"date":"2025-04-14T14:35:35","date_gmt":"2025-04-14T14:35:35","guid":{"rendered":"https:\/\/www.unitelmasapienza.it\/fab\/?page_id=254"},"modified":"2025-04-15T14:59:56","modified_gmt":"2025-04-15T14:59:56","slug":"gustavo-piga","status":"publish","type":"page","link":"https:\/\/www.unitelmasapienza.it\/fab\/struttura\/comitato-scientifico\/gustavo-piga\/","title":{"rendered":"Gustavo Piga"},"content":{"rendered":"<p>[et_pb_section fb_built=&#8221;1&#8243; custom_padding_last_edited=&#8221;on|phone&#8221; module_class=&#8221;fascia_menu&#8221; _builder_version=&#8221;4.19.0&#8243; _module_preset=&#8221;default&#8221; background_color=&#8221;#690624&#8243; background_enable_image=&#8221;off&#8221; custom_margin=&#8221;0px||||false|false&#8221; custom_padding=&#8221;0px||0px||false|false&#8221; custom_padding_tablet=&#8221;&#8221; custom_padding_phone=&#8221;||||false|false&#8221; border_radii=&#8221;off|||30px|30px&#8221; saved_tabs=&#8221;all&#8221; global_colors_info=&#8221;{}&#8221;][et_pb_row column_structure=&#8221;1_3,1_3,1_3&#8243; use_custom_gutter=&#8221;on&#8221; gutter_width=&#8221;2&#8243; custom_padding_last_edited=&#8221;on|phone&#8221; module_class=&#8221;menu_orizzontale&#8221; _builder_version=&#8221;4.19.0&#8243; _module_preset=&#8221;default&#8221; max_width=&#8221;80%&#8221; custom_margin=&#8221;30px||||false|false&#8221; custom_padding=&#8221;0px||20px||false|false&#8221; custom_padding_tablet=&#8221;0px||||false|false&#8221; custom_padding_phone=&#8221;||20px||false|false&#8221; global_colors_info=&#8221;{}&#8221;][et_pb_column type=&#8221;1_3&#8243; _builder_version=&#8221;4.16&#8243; _module_preset=&#8221;default&#8221; global_colors_info=&#8221;{}&#8221;][et_pb_image src=&#8221;https:\/\/www.unitelmasapienza.it\/wordpress\/fab\/wp-content\/uploads\/2024\/12\/logo_W.png&#8221; title_text=&#8221;logo_W&#8221; url=&#8221;https:\/\/www.unitelmasapienza.it\/&#8221; _builder_version=&#8221;4.27.4&#8243; _module_preset=&#8221;default&#8221; width=&#8221;60%&#8221; custom_padding=&#8221;0px||||false|false&#8221; global_colors_info=&#8221;{}&#8221;][\/et_pb_image][\/et_pb_column][et_pb_column type=&#8221;1_3&#8243; _builder_version=&#8221;4.16&#8243; _module_preset=&#8221;default&#8221; global_colors_info=&#8221;{}&#8221;][lwp_divi_breadcrumbs font_icon=&#8221;&#x35;||divi||400&#8243; use_before_icon=&#8221;off&#8221; link_color=&#8221;#FFFFFF&#8221; separator_color=&#8221;#FFFFFF&#8221; current_text_color=&#8221;#FFFFFF&#8221; _builder_version=&#8221;4.19.0&#8243; _module_preset=&#8221;default&#8221; module_font=&#8221;|700|||||||&#8221; custom_padding=&#8221;10px||||false|false&#8221; custom_padding_tablet=&#8221;40px||||false|false&#8221; custom_padding_phone=&#8221;0px||||false|false&#8221; custom_padding_last_edited=&#8221;on|desktop&#8221; global_colors_info=&#8221;{}&#8221;][\/lwp_divi_breadcrumbs][\/et_pb_column][et_pb_column type=&#8221;1_3&#8243; disabled_on=&#8221;on|on|off&#8221; _builder_version=&#8221;4.16&#8243; _module_preset=&#8221;default&#8221; global_colors_info=&#8221;{}&#8221;][et_pb_menu menu_id=&#8221;3&#8243; active_link_color=&#8221;#FFFFFF&#8221; show_search_icon=&#8221;on&#8221; search_icon_color=&#8221;#FFFFFF&#8221; _builder_version=&#8221;4.27.4&#8243; _module_preset=&#8221;default&#8221; menu_font=&#8221;|700|||||||&#8221; menu_text_color=&#8221;#FFFFFF&#8221; menu_font_size=&#8221;18px&#8221; background_enable_color=&#8221;off&#8221; custom_margin=&#8221;10px|||50px|false|false&#8221; custom_padding=&#8221;||||false|false&#8221; global_colors_info=&#8221;{}&#8221;][\/et_pb_menu][\/et_pb_column][\/et_pb_row][\/et_pb_section][et_pb_section fb_built=&#8221;1&#8243; _builder_version=&#8221;4.19.0&#8243; _module_preset=&#8221;default&#8221; custom_margin=&#8221;||||false|false&#8221; custom_padding=&#8221;171px||||false|false&#8221; global_colors_info=&#8221;{}&#8221;][et_pb_row column_structure=&#8221;1_2,1_2&#8243; use_custom_gutter=&#8221;on&#8221; gutter_width=&#8221;2&#8243; _builder_version=&#8221;4.16&#8243; _module_preset=&#8221;default&#8221; max_width=&#8221;80%&#8221; max_width_tablet=&#8221;&#8221; max_width_phone=&#8221;90%&#8221; max_width_last_edited=&#8221;on|desktop&#8221; custom_padding=&#8221;||3px||false|false&#8221; global_colors_info=&#8221;{}&#8221; locked=&#8221;off&#8221;][et_pb_column type=&#8221;1_2&#8243; _builder_version=&#8221;4.16&#8243; _module_preset=&#8221;default&#8221; global_colors_info=&#8221;{}&#8221;][et_pb_blurb title=&#8221;Comitato scientifico&#8221; url=&#8221;https:\/\/www.unitelmasapienza.it\/fab\/struttura\/comitato-scientifico\/&#8221; image=&#8221;https:\/\/www.unitelmasapienza.it\/fab\/wp-content\/uploads\/2025\/04\/back_rossa_scura.jpg&#8221; alt=&#8221;back_rossa_scura&#8221; icon_placement=&#8221;left&#8221; content_max_width=&#8221;500px&#8221; _builder_version=&#8221;4.27.4&#8243; _module_preset=&#8221;default&#8221; header_font=&#8221;|700|||||||&#8221; header_text_color=&#8221;#670425&#8243; header_font_size=&#8221;19px&#8221; header_line_height=&#8221;1.8em&#8221; width=&#8221;500px&#8221; module_alignment=&#8221;left&#8221; link_option_url=&#8221;https:\/\/www.unitelmasapienza.it\/fab\/struttura\/comitato-scientifico\/&#8221; global_colors_info=&#8221;{}&#8221; header_text_color__hover_enabled=&#8221;on|hover&#8221; header_text_color__hover=&#8221;#ad1442&#8243;][\/et_pb_blurb][\/et_pb_column][et_pb_column type=&#8221;1_2&#8243; _builder_version=&#8221;4.16&#8243; _module_preset=&#8221;default&#8221; global_colors_info=&#8221;{}&#8221;][\/et_pb_column][\/et_pb_row][et_pb_row column_structure=&#8221;1_4,3_4&#8243; _builder_version=&#8221;4.27.4&#8243; _module_preset=&#8221;default&#8221; max_width=&#8221;80%&#8221; max_width_tablet=&#8221;&#8221; max_width_phone=&#8221;90%&#8221; max_width_last_edited=&#8221;on|desktop&#8221; custom_margin=&#8221;30px||||false|false&#8221; custom_padding=&#8221;0px|||||&#8221; global_colors_info=&#8221;{}&#8221;][et_pb_column type=&#8221;1_4&#8243; _builder_version=&#8221;4.16&#8243; _module_preset=&#8221;default&#8221; global_colors_info=&#8221;{}&#8221;][et_pb_image src=&#8221;https:\/\/www.unitelmasapienza.it\/wordpress\/fab\/wp-content\/uploads\/2025\/03\/sagoma_info.jpg&#8221; title_text=&#8221;sagoma_info&#8221; align=&#8221;center&#8221; _builder_version=&#8221;4.27.4&#8243; _module_preset=&#8221;default&#8221; background_enable_color=&#8221;off&#8221; border_radii=&#8221;on|40px|40px|40px|40px&#8221; global_colors_info=&#8221;{}&#8221;][\/et_pb_image][\/et_pb_column][et_pb_column type=&#8221;3_4&#8243; _builder_version=&#8221;4.16&#8243; _module_preset=&#8221;default&#8221; global_colors_info=&#8221;{}&#8221;][et_pb_text _builder_version=&#8221;4.27.4&#8243; _module_preset=&#8221;default&#8221; header_3_font=&#8221;|700|||||||&#8221; header_3_text_color=&#8221;#6b0823&#8243; header_3_font_size=&#8221;30px&#8221; header_3_line_height=&#8221;1.2em&#8221; custom_margin=&#8221;||7px|||&#8221; custom_padding=&#8221;||0px||false|false&#8221; global_colors_info=&#8221;{}&#8221;]<\/p>\n<h3>Gustavo Piga<\/h3>\n<h4>Professore<em> ordinario di Economia Politica presso l\u2019Universit\u00e0 di Roma \u201cTor Vergata\u201d<\/em><\/h4>\n<p>[\/et_pb_text][et_pb_text _builder_version=&#8221;4.27.4&#8243; _module_preset=&#8221;default&#8221; text_font=&#8221;Montserrat|300|||||||&#8221; text_text_color=&#8221;#000000&#8243; header_3_font=&#8221;|600|||||||&#8221; header_3_text_color=&#8221;#670425&#8243; global_colors_info=&#8221;{}&#8221;]<\/p>\n<p>Gustavo Piga ha conseguito il Ph.D. in Economics presso la Columbia University di New York. \u00c8 professore ordinario di Economia Politica presso l\u2019Universit\u00e0 di Roma \u201cTor Vergata\u201d dove dirige il corso di laurea triennale in inglese Global Governance ed il Master in Procurement Management. \u00c8 stato membro del Consiglio degli Esperti del Ministero del tesoro e Presidente della Consip S.p.A. ed \u00e8 esperto di appalti pubblici, anticorruzione e di politica macroeconomica europea. \u00c8 stato Membro del Comitato Scientifico dell\u2019Ufficio Parlamentare di Bilancio e Presidente del Comitato referendario per lo \u201cStop all\u2019Austerit\u00e0\u201d.<\/p>\n<p>[\/et_pb_text][\/et_pb_column][\/et_pb_row][\/et_pb_section][et_pb_section fb_built=&#8221;1&#8243; _builder_version=&#8221;4.16.0&#8243; _module_preset=&#8221;default&#8221; background_color=&#8221;#690624&#8243; width=&#8221;100%&#8221; max_width=&#8221;100%&#8221; custom_padding=&#8221;1px||2px|||&#8221; border_width_bottom=&#8221;1px&#8221; border_color_bottom=&#8221;#FFFFFF&#8221; global_module=&#8221;152&#8243; saved_tabs=&#8221;all&#8221; global_colors_info=&#8221;{}&#8221;][et_pb_row column_structure=&#8221;1_3,1_3,1_3&#8243; _builder_version=&#8221;4.27.4&#8243; _module_preset=&#8221;default&#8221; width=&#8221;90%&#8221; max_width=&#8221;90%&#8221; module_alignment=&#8221;center&#8221; custom_padding=&#8221;||||false|false&#8221; global_colors_info=&#8221;{}&#8221;][et_pb_column type=&#8221;1_3&#8243; _builder_version=&#8221;4.27.0&#8243; _module_preset=&#8221;default&#8221; custom_padding=&#8221;10px|60px|10px|60px|true|true&#8221; custom_padding_tablet=&#8221;&#8221; custom_padding_phone=&#8221;|0px||0px|true|true&#8221; custom_padding_last_edited=&#8221;on|phone&#8221; global_colors_info=&#8221;{}&#8221;][et_pb_blurb title=&#8221;Chiamaci&#8221; image=&#8221;https:\/\/www.unitelmasapienza.it\/wordpress\/fab\/wp-content\/uploads\/2024\/12\/tel.png&#8221; icon_placement=&#8221;left&#8221; image_icon_width=&#8221;50px&#8221; content_max_width=&#8221;500px&#8221; admin_label=&#8221;Castrofino&#8221; _builder_version=&#8221;4.27.0&#8243; _module_preset=&#8221;default&#8221; header_font=&#8221;Montserrat||||||||&#8221; header_text_align=&#8221;left&#8221; header_text_color=&#8221;#FFFFFF&#8221; header_font_size=&#8221;15px&#8221; body_font=&#8221;Montserrat|300|||||||&#8221; body_text_color=&#8221;#FFFFFF&#8221; body_font_size=&#8221;20px&#8221; body_line_height=&#8221;1em&#8221; width=&#8221;100%&#8221; max_width=&#8221;100%&#8221; body_font_size_tablet=&#8221;&#8221; body_font_size_phone=&#8221;16px&#8221; body_font_size_last_edited=&#8221;on|phone&#8221; locked=&#8221;off&#8221; global_colors_info=&#8221;{}&#8221;]<\/p>\n<p><span>Tel: +39 0683700046<\/span><\/p>\n<p>[\/et_pb_blurb][\/et_pb_column][et_pb_column type=&#8221;1_3&#8243; _builder_version=&#8221;4.27.0&#8243; _module_preset=&#8221;default&#8221; custom_padding=&#8221;10px|60px|10px|60px|true|true&#8221; custom_padding_tablet=&#8221;&#8221; custom_padding_phone=&#8221;|0px||0px|true|true&#8221; custom_padding_last_edited=&#8221;on|phone&#8221; global_colors_info=&#8221;{}&#8221;][et_pb_blurb title=&#8221;Scrivici&#8221; image=&#8221;https:\/\/www.unitelmasapienza.it\/wordpress\/fab\/wp-content\/uploads\/2024\/12\/mail.png&#8221; icon_placement=&#8221;left&#8221; image_icon_width=&#8221;50px&#8221; content_max_width=&#8221;500px&#8221; admin_label=&#8221;Castrofino&#8221; _builder_version=&#8221;4.27.4&#8243; _module_preset=&#8221;default&#8221; header_font=&#8221;Montserrat||||||||&#8221; header_text_align=&#8221;left&#8221; header_text_color=&#8221;#FFFFFF&#8221; header_font_size=&#8221;15px&#8221; body_font=&#8221;Montserrat|300|||||||&#8221; body_text_color=&#8221;#FFFFFF&#8221; body_font_size=&#8221;20px&#8221; body_line_height=&#8221;1em&#8221; width=&#8221;100%&#8221; max_width=&#8221;100%&#8221; link_option_url=&#8221;mailto:fab.school@unitelmasapienza.it&#8221; body_font_size_tablet=&#8221;&#8221; body_font_size_phone=&#8221;16px&#8221; body_font_size_last_edited=&#8221;on|phone&#8221; locked=&#8221;off&#8221; global_colors_info=&#8221;{}&#8221;]fab.school@unitelmasapienza.it[\/et_pb_blurb][\/et_pb_column][et_pb_column type=&#8221;1_3&#8243; _builder_version=&#8221;4.27.0&#8243; _module_preset=&#8221;default&#8221; custom_padding=&#8221;10px|60px|10px|60px|true|true&#8221; custom_padding_tablet=&#8221;&#8221; custom_padding_phone=&#8221;|0px||0px|true|true&#8221; custom_padding_last_edited=&#8221;on|phone&#8221; global_colors_info=&#8221;{}&#8221;][et_pb_blurb title=&#8221; Roma 00161&#8243; image=&#8221;https:\/\/www.unitelmasapienza.it\/wordpress\/fab\/wp-content\/uploads\/2024\/12\/indirizzo.png&#8221; icon_placement=&#8221;left&#8221; image_icon_width=&#8221;50px&#8221; content_max_width=&#8221;500px&#8221; admin_label=&#8221;Castrofino&#8221; _builder_version=&#8221;4.27.0&#8243; _module_preset=&#8221;default&#8221; header_font=&#8221;Montserrat||||||||&#8221; header_text_align=&#8221;left&#8221; header_text_color=&#8221;#FFFFFF&#8221; header_font_size=&#8221;15px&#8221; body_font=&#8221;Montserrat|300|||||||&#8221; body_text_color=&#8221;#FFFFFF&#8221; body_font_size=&#8221;20px&#8221; body_line_height=&#8221;1em&#8221; width=&#8221;100%&#8221; max_width=&#8221;100%&#8221; body_font_size_tablet=&#8221;&#8221; body_font_size_phone=&#8221;16px&#8221; body_font_size_last_edited=&#8221;on|phone&#8221; locked=&#8221;off&#8221; global_colors_info=&#8221;{}&#8221;]<\/p>\n<p>Piazza Sassari, 4<\/p>\n<p>[\/et_pb_blurb][\/et_pb_column][\/et_pb_row][\/et_pb_section][et_pb_section fb_built=&#8221;1&#8243; admin_label=&#8221;Section&#8221; _builder_version=&#8221;4.17.4&#8243; _module_preset=&#8221;default&#8221; background_color=&#8221;#690624&#8243; saved_tabs=&#8221;all&#8221; global_colors_info=&#8221;{}&#8221;][et_pb_row _builder_version=&#8221;4.16&#8243; _module_preset=&#8221;default&#8221; max_width=&#8221;80%&#8221; max_width_tablet=&#8221;&#8221; max_width_phone=&#8221;90%&#8221; max_width_last_edited=&#8221;on|phone&#8221; global_colors_info=&#8221;{}&#8221;][et_pb_column type=&#8221;4_4&#8243; _builder_version=&#8221;4.16&#8243; _module_preset=&#8221;default&#8221; global_colors_info=&#8221;{}&#8221;][et_pb_text _builder_version=&#8221;4.17.4&#8243; _module_preset=&#8221;default&#8221; header_3_font=&#8221;|300|||||||&#8221; header_3_text_color=&#8221;#FFFFFF&#8221; header_3_font_size=&#8221;30px&#8221; custom_margin=&#8221;||-1px|||&#8221; header_3_font_size_tablet=&#8221;&#8221; header_3_font_size_phone=&#8221;20px&#8221; header_3_font_size_last_edited=&#8221;on|phone&#8221; global_colors_info=&#8221;{}&#8221;]<\/p>\n<h3><strong>UnitelmaSapienza.<\/strong> Una storia centenaria al servizio del tuo futuro.<\/h3>\n<p>[\/et_pb_text][\/et_pb_column][\/et_pb_row][et_pb_row column_structure=&#8221;1_2,1_2&#8243; admin_label=&#8221;Riga&#8221; _builder_version=&#8221;4.17.4&#8243; _module_preset=&#8221;default&#8221; max_width=&#8221;80%&#8221; max_width_tablet=&#8221;&#8221; max_width_phone=&#8221;90%&#8221; max_width_last_edited=&#8221;on|phone&#8221; global_colors_info=&#8221;{}&#8221;][et_pb_column type=&#8221;1_2&#8243; disabled_on=&#8221;off|off|off&#8221; _builder_version=&#8221;4.16&#8243; _module_preset=&#8221;default&#8221; global_colors_info=&#8221;{}&#8221;][et_pb_video src=&#8221;https:\/\/vimeo.com\/722619475&#8243; image_src=&#8221;https:\/\/www.unitelmasapienza.it\/wordpress\/fab\/wp-content\/uploads\/2024\/12\/studia_online_cover_video.png&#8221; _builder_version=&#8221;4.27.4&#8243; _module_preset=&#8221;default&#8221; border_radii=&#8221;on|20px|20px|20px|20px&#8221; global_colors_info=&#8221;{}&#8221;][\/et_pb_video][\/et_pb_column][et_pb_column type=&#8221;1_2&#8243; _builder_version=&#8221;4.17.4&#8243; _module_preset=&#8221;default&#8221; global_colors_info=&#8221;{}&#8221;][et_pb_text _builder_version=&#8221;4.17.4&#8243; _module_preset=&#8221;default&#8221; text_font=&#8221;|600|||||||&#8221; text_text_color=&#8221;#FFFFFF&#8221; min_height=&#8221;80px&#8221; min_height_last_edited=&#8221;off|desktop&#8221; custom_margin=&#8221;||10%||false|false&#8221; global_colors_info=&#8221;{}&#8221;]<\/p>\n<div class=\"third_box marg_bott_30\">Contatti<br \/><a href=\"mailto:info@unitelmasapienza.it\" target=\"_blank\" rel=\"noopener\"><img decoding=\"async\" src=\"https:\/\/www.unitelmasapienza.it\/wordpress\/fab\/wp-content\/uploads\/2024\/12\/icona-mail.png\" class=\"soc_icon\" \/><\/a><a href=\"tel:0620293732\" target=\"_blank\" rel=\"noopener\"><img decoding=\"async\" src=\"https:\/\/www.unitelmasapienza.it\/wordpress\/fab\/wp-content\/uploads\/2024\/12\/icona-telefono.png\" class=\"soc_icon\" \/><\/a><\/div>\n<div class=\"third_box marg_bott_30\">UnitelmaSocial<br \/><a href=\"http:\/\/www.facebook.com\/Unitelma\/\" target=\"_blank\" rel=\"noopener\"><img decoding=\"async\" src=\"https:\/\/www.unitelmasapienza.it\/wordpress\/fab\/wp-content\/uploads\/2024\/12\/icona-fb.png\" class=\"soc_icon\" \/><\/a><a href=\"http:\/\/it.linkedin.com\/company\/unitelma-sapienza\" target=\"_blank\" rel=\"noopener\"><img decoding=\"async\" src=\"https:\/\/www.unitelmasapienza.it\/wordpress\/fab\/wp-content\/uploads\/2024\/12\/icona-linkedin.png\" class=\"soc_icon\" \/><\/a><a href=\"http:\/\/twitter.com\/UnitelmaTweet\" target=\"_blank\" rel=\"noopener\"><img decoding=\"async\" src=\"https:\/\/www.unitelmasapienza.it\/wordpress\/fab\/wp-content\/uploads\/2024\/12\/icona_twitter.png\" class=\"soc_icon\" \/><\/a><a href=\"http:\/\/www.instagram.com\/unitelmasapienza_ig\/?hl=it\" target=\"_blank\" rel=\"noopener\"><img decoding=\"async\" src=\"https:\/\/www.unitelmasapienza.it\/wordpress\/fab\/wp-content\/uploads\/2024\/12\/icona-ig.png\" class=\"soc_icon\" \/><\/a><a href=\"https:\/\/www.youtube.com\/channel\/UCQJzmzXPQQrnr71NbYO1RVQ\" target=\"_blank\" rel=\"noopener\"><img decoding=\"async\" src=\"https:\/\/www.unitelmasapienza.it\/wordpress\/fab\/wp-content\/uploads\/2024\/12\/icona-yt.png\" class=\"soc_icon\" \/><\/a><\/div>\n<div class=\"third_box marg_bott_30\">UnitelmaApp<br \/><a href=\"https:\/\/apps.apple.com\/it\/app\/myunitelma\/id1299620834\" target=\"_blank\" rel=\"noopener\"><img decoding=\"async\" src=\"https:\/\/www.unitelmasapienza.it\/wordpress\/fab\/wp-content\/uploads\/2024\/12\/icona_app1.png\" class=\"soc_icon\" \/><\/a><a href=\"https:\/\/play.google.com\/store\/apps\/details?id=it.cineca.app.unitelma\" target=\"_blank\" rel=\"noopener\"><img decoding=\"async\" src=\"https:\/\/www.unitelmasapienza.it\/wordpress\/fab\/wp-content\/uploads\/2024\/12\/icona-playstore.png\" class=\"soc_icon\" \/><\/a><\/div>\n<p>[\/et_pb_text][et_pb_text admin_label=&#8221;Testo&#8221; _builder_version=&#8221;4.27.0&#8243; _module_preset=&#8221;default&#8221; text_text_color=&#8221;#FFFFFF&#8221; text_line_height=&#8221;1em&#8221; custom_margin=&#8221;-2px||||false|false&#8221; global_colors_info=&#8221;{}&#8221;]<strong>IN EVIDENZA<\/strong><\/p>\n<p><a href=\"https:\/\/www.unitelmasapienza.it\/5x1000\/\" style=\"color: #ffffff;\">Sostieni UnitelmaSapienza. Dona ora.<\/a><\/p>\n<p><a href=\"https:\/\/www.unitelmasapienza.it\/identita-visiva\/\" style=\"color: #ffffff;\">Identit\u00e0 Visiva UnitelmaSapienza<\/a><\/p>\n<div class=\"half_box\" style=\"text-align: left;\">\n<p><span style=\"color: #ffffff;\"><strong>ACCESSO RAPIDO<\/strong><\/span><\/p>\n<p><a href=\"https:\/\/www.unitelmasapienza.it\/contatti-unitelma\/\" style=\"color: #ffffff;\">Contatti<\/a><\/p>\n<p><a href=\"https:\/\/www.unitelmasapienza.it\/sede-centrale\/\" style=\"color: #ffffff;\">Dove siamo<\/a><\/p>\n<p><a href=\"https:\/\/www.unitelmasapienza.it\/studenti\/riconoscimento-crediti-formativi-universitari\/\" style=\"color: #ffffff;\">Valutazione pre-immatricolazione<\/a><\/p>\n<p><span style=\"font-size: 15px;\"><\/span><a href=\"https:\/\/www.unitelmasapienza.it\/studenti\/immatricolazioni-e-iscrizioni\/\" style=\"font-size: 15px; color: #ffffff;\">Come immatricolarsi<\/a><\/p>\n<p><span style=\"color: #ffffff;\"><a href=\"https:\/\/www.unitelmasapienza.it\/studenti\/tasse-e-contributi\/importi-e-altri-contributi\/\" style=\"color: #ffffff;\">Quote d&#8217;iscrizione<\/a><\/span><a class=\"whitelink\" href=\"https:\/\/www.unitelmasapienza.it\/contatti-unitelma\/\"><\/a><a href=\"https:\/\/www.unitelmasapienza.it\/en\/erasmus-en\/\"><\/a><\/p>\n<\/div>\n<div class=\"half_box\">\n<p><strong>INFO UTILI<\/strong><\/p>\n<p><strong> <\/strong><strong><\/strong><a href=\"https:\/\/www.unitelmasapienza.it\/accessibilita\/\"><span style=\"color: #ffffff;\">Accessibilit\u00e0<\/span><\/a><\/p>\n<p><span style=\"color: #ffffff;\"><a href=\"https:\/\/www.unitelmasapienza.it\/studenti\/tutor\/\" style=\"color: #ffffff;\">Tutorship<\/a><\/span><\/p>\n<p><span style=\"color: #ffffff;\"><a href=\"https:\/\/www.unitelmasapienza.it\/informativa-privacy\/\" style=\"color: #ffffff;\">Privacy<\/a><\/span><\/p>\n<p><span style=\"color: #ffffff;\"><a href=\"https:\/\/www.unitelmasapienza.it\/cookie-policy\/\" style=\"color: #ffffff;\">Utilizzo dei cookie<\/a><\/span><\/p>\n<p><span style=\"color: #ffffff;\"><a href=\"https:\/\/titulus-unitelma.cineca.it\/albo\/viewer?view=html\" style=\"color: #ffffff;\">Albo online<\/a><\/span><\/p>\n<\/div>\n<p>[\/et_pb_text][\/et_pb_column][\/et_pb_row][\/et_pb_section]<\/p>\n","protected":false},"excerpt":{"rendered":"<p><div class=\"et_pb_module lwp_divi_breadcrumbs lwp_divi_breadcrumbs_0\">\n\t\t\t\t\n\t\t\t\t\n\t\t\t\t\n\t\t\t\t\n\t\t\t\t\n\t\t\t\t\n\t\t\t\t<div class=\"et_pb_module_inner\">\n\t\t\t\t\t<div class=\"lwp-breadcrumbs\"> <span class=\"before\"><\/span> <span vocab=\"https:\/\/schema.org\/\" typeof=\"BreadcrumbList\"><span property=\"itemListElement\" typeof=\"ListItem\"><a property=\"item\" typeof=\"WebPage\" href=\"https:\/\/www.unitelmasapienza.it\/fab\/\" class=\"home\"><span property=\"name\">Home<\/span><\/a><meta property=\"position\" content=\"1\"><\/span> <span class=\"separator et-pb-icon\">&#x35;<\/span> <\/span><\/div>\n\t\t\t\t<\/div>\n\t\t\t<\/div>Gustavo Piga Professore ordinario di Economia Politica presso l\u2019Universit\u00e0 di Roma \u201cTor Vergata\u201dGustavo Piga ha conseguito il Ph.D. in Economics presso la Columbia University di New York. \u00c8 professore ordinario di Economia Politica presso l\u2019Universit\u00e0 di Roma \u201cTor Vergata\u201d dove dirige il [&hellip;]<\/p>\n","protected":false},"author":2,"featured_media":0,"parent":88,"menu_order":0,"comment_status":"closed","ping_status":"closed","template":"","meta":{"_et_pb_use_builder":"on","_et_pb_old_content":"","_et_gb_content_width":"","footnotes":""},"class_list":["post-254","page","type-page","status-publish","hentry"],"_links":{"self":[{"href":"https:\/\/www.unitelmasapienza.it\/fab\/wp-json\/wp\/v2\/pages\/254","targetHints":{"allow":["GET"]}}],"collection":[{"href":"https:\/\/www.unitelmasapienza.it\/fab\/wp-json\/wp\/v2\/pages"}],"about":[{"href":"https:\/\/www.unitelmasapienza.it\/fab\/wp-json\/wp\/v2\/types\/page"}],"author":[{"embeddable":true,"href":"https:\/\/www.unitelmasapienza.it\/fab\/wp-json\/wp\/v2\/users\/2"}],"replies":[{"embeddable":true,"href":"https:\/\/www.unitelmasapienza.it\/fab\/wp-json\/wp\/v2\/comments?post=254"}],"version-history":[{"count":7,"href":"https:\/\/www.unitelmasapienza.it\/fab\/wp-json\/wp\/v2\/pages\/254\/revisions"}],"predecessor-version":[{"id":366,"href":"https:\/\/www.unitelmasapienza.it\/fab\/wp-json\/wp\/v2\/pages\/254\/revisions\/366"}],"up":[{"embeddable":true,"href":"https:\/\/www.unitelmasapienza.it\/fab\/wp-json\/wp\/v2\/pages\/88"}],"wp:attachment":[{"href":"https:\/\/www.unitelmasapienza.it\/fab\/wp-json\/wp\/v2\/media?parent=254"}],"curies":[{"name":"wp","href":"https:\/\/api.w.org\/{rel}","templated":true}]}}